{"id":3511,"date":"2022-04-07T14:23:18","date_gmt":"2022-04-07T14:23:18","guid":{"rendered":"https:\/\/kalafood.com.co\/?page_id=3511"},"modified":"2025-03-05T14:17:34","modified_gmt":"2025-03-05T14:17:34","slug":"sobre-kala","status":"publish","type":"page","link":"https:\/\/kalafood.com.co\/en\/sobre-kala\/","title":{"rendered":"About Kal\u00e1"},"content":{"rendered":"<div data-elementor-type=\"wp-page\" data-elementor-id=\"3511\" class=\"elementor elementor-3511\" data-elementor-settings=\"{&quot;element_pack_global_tooltip_width&quot;:{&quot;unit&quot;:&quot;px&quot;,&quot;size&quot;:&quot;&quot;,&quot;sizes&quot;:[]},&quot;element_pack_global_tooltip_width_tablet&quot;:{&quot;unit&quot;:&quot;px&quot;,&quot;size&quot;:&quot;&quot;,&quot;sizes&quot;:[]},&quot;element_pack_global_tooltip_width_mobile&quot;:{&quot;unit&quot;:&quot;px&quot;,&quot;size&quot;:&quot;&quot;,&quot;sizes&quot;:[]},&quot;element_pack_global_tooltip_padding&quot;:{&quot;unit&quot;:&quot;px&quot;,&quot;top&quot;:&quot;&quot;,&quot;right&quot;:&quot;&quot;,&quot;bottom&quot;:&quot;&quot;,&quot;left&quot;:&quot;&quot;,&quot;isLinked&quot;:true},&quot;element_pack_global_tooltip_padding_tablet&quot;:{&quot;unit&quot;:&quot;px&quot;,&quot;top&quot;:&quot;&quot;,&quot;right&quot;:&quot;&quot;,&quot;bottom&quot;:&quot;&quot;,&quot;left&quot;:&quot;&quot;,&quot;isLinked&quot;:true},&quot;element_pack_global_tooltip_padding_mobile&quot;:{&quot;unit&quot;:&quot;px&quot;,&quot;top&quot;:&quot;&quot;,&quot;right&quot;:&quot;&quot;,&quot;bottom&quot;:&quot;&quot;,&quot;left&quot;:&quot;&quot;,&quot;isLinked&quot;:true},&quot;element_pack_global_tooltip_border_radius&quot;:{&quot;unit&quot;:&quot;px&quot;,&quot;top&quot;:&quot;&quot;,&quot;right&quot;:&quot;&quot;,&quot;bottom&quot;:&quot;&quot;,&quot;left&quot;:&quot;&quot;,&quot;isLinked&quot;:true},&quot;element_pack_global_tooltip_border_radius_tablet&quot;:{&quot;unit&quot;:&quot;px&quot;,&quot;top&quot;:&quot;&quot;,&quot;right&quot;:&quot;&quot;,&quot;bottom&quot;:&quot;&quot;,&quot;left&quot;:&quot;&quot;,&quot;isLinked&quot;:true},&quot;element_pack_global_tooltip_border_radius_mobile&quot;:{&quot;unit&quot;:&quot;px&quot;,&quot;top&quot;:&quot;&quot;,&quot;right&quot;:&quot;&quot;,&quot;bottom&quot;:&quot;&quot;,&quot;left&quot;:&quot;&quot;,&quot;isLinked&quot;:true}}\" data-elementor-post-type=\"page\">\n\t\t\t\t\t\t<section class=\"elementor-section elementor-top-section elementor-element elementor-element-13153170 elementor-section-content-middle elementor-section-boxed elementor-section-height-default elementor-section-height-default\" data-id=\"13153170\" data-element_type=\"section\">\n\t\t\t\t\t\t<div class=\"elementor-container elementor-column-gap-no\">\n\t\t\t\t\t<div class=\"elementor-column elementor-col-50 elementor-top-column elementor-element elementor-element-1e39ba11\" data-id=\"1e39ba11\" data-element_type=\"column\">\n\t\t\t<div class=\"elementor-widget-wrap elementor-element-populated\">\n\t\t\t\t\t\t<div class=\"elementor-element elementor-element-53ac03a2 elementor-mobile-align-center elementor-widget elementor-widget-button\" data-id=\"53ac03a2\" data-element_type=\"widget\" data-widget_type=\"button.default\">\n\t\t\t\t<div class=\"elementor-widget-container\">\n\t\t\t\t\t\t\t\t\t<div class=\"elementor-button-wrapper\">\n\t\t\t\t\t<a class=\"elementor-button elementor-size-sm\" role=\"button\">\n\t\t\t\t\t\t<span class=\"elementor-button-content-wrapper\">\n\t\t\t\t\t\t\t\t\t<span class=\"elementor-button-text\">About Kal\u00e1<\/span>\n\t\t\t\t\t<\/span>\n\t\t\t\t\t<\/a>\n\t\t\t\t<\/div>\n\t\t\t\t\t\t\t\t<\/div>\n\t\t\t\t<\/div>\n\t\t\t\t\t<\/div>\n\t\t<\/div>\n\t\t\t\t<div class=\"elementor-column elementor-col-50 elementor-top-column elementor-element elementor-element-45f858aa\" data-id=\"45f858aa\" data-element_type=\"column\">\n\t\t\t<div class=\"elementor-widget-wrap elementor-element-populated\">\n\t\t\t\t\t\t<div data-dce-text-color=\"#B2B2B2\" class=\"elementor-element elementor-element-33b57487 elementor-align-right elementor-mobile-align-center elementor-widget elementor-widget-breadcrumbs\" data-id=\"33b57487\" data-element_type=\"widget\" data-widget_type=\"breadcrumbs.default\">\n\t\t\t\t<div class=\"elementor-widget-container\">\n\t\t\t\t\t<p id=\"breadcrumbs\"><span><span><a href=\"https:\/\/kalafood.com.co\/en\/\">Home<\/a><\/span><\/span><\/p>\t\t\t\t<\/div>\n\t\t\t\t<\/div>\n\t\t\t\t\t<\/div>\n\t\t<\/div>\n\t\t\t\t\t<\/div>\n\t\t<\/section>\n\t\t\t\t<section data-dce-background-image-url=\"https:\/\/kalafood.com.co\/wp-content\/uploads\/2022\/05\/Galletas_sobre_KALA.png\" class=\"elementor-section elementor-top-section elementor-element elementor-element-33a62687 elementor-section-height-min-height elementor-section-boxed elementor-section-height-default elementor-section-items-middle\" data-id=\"33a62687\" data-element_type=\"section\" data-settings=\"{&quot;background_background&quot;:&quot;classic&quot;}\">\n\t\t\t\t\t\t<div class=\"elementor-container elementor-column-gap-default\">\n\t\t\t\t\t<div class=\"elementor-column elementor-col-100 elementor-top-column elementor-element elementor-element-2b9ea261\" data-id=\"2b9ea261\" data-element_type=\"column\">\n\t\t\t<div class=\"elementor-widget-wrap elementor-element-populated\">\n\t\t\t\t\t\t<section class=\"elementor-section elementor-inner-section elementor-element elementor-element-229619fe elementor-section-content-middle elementor-section-boxed elementor-section-height-default elementor-section-height-default\" data-id=\"229619fe\" data-element_type=\"section\">\n\t\t\t\t\t\t<div class=\"elementor-container elementor-column-gap-default\">\n\t\t\t\t\t<div class=\"elementor-column elementor-col-50 elementor-inner-column elementor-element elementor-element-6ec81169\" data-id=\"6ec81169\" data-element_type=\"column\">\n\t\t\t<div class=\"elementor-widget-wrap\">\n\t\t\t\t\t\t\t<\/div>\n\t\t<\/div>\n\t\t\t\t<div class=\"elementor-column elementor-col-50 elementor-inner-column elementor-element elementor-element-6f12b9c1\" data-id=\"6f12b9c1\" data-element_type=\"column\">\n\t\t\t<div class=\"elementor-widget-wrap elementor-element-populated\">\n\t\t\t\t\t\t<div data-dce-text-color=\"#FF595A\" class=\"elementor-element elementor-element-66826b21 elementor-widget elementor-widget-text-editor\" data-id=\"66826b21\" data-element_type=\"widget\" data-widget_type=\"text-editor.default\">\n\t\t\t\t<div class=\"elementor-widget-container\">\n\t\t\t\t\t\t\t\t\t<p>ABOUT KAL\u00c1<\/p>\t\t\t\t\t\t\t\t<\/div>\n\t\t\t\t<\/div>\n\t\t\t\t<div data-dce-text-color=\"#030202\" class=\"elementor-element elementor-element-ee67cce elementor-widget elementor-widget-text-editor\" data-id=\"ee67cce\" data-element_type=\"widget\" data-widget_type=\"text-editor.default\">\n\t\t\t\t<div class=\"elementor-widget-container\">\n\t\t\t\t\t\t\t\t\t<p>Good snacks, with honest ingredients and processes, that are nourishing and taste good.\u00a0<\/p>\t\t\t\t\t\t\t\t<\/div>\n\t\t\t\t<\/div>\n\t\t\t\t<div class=\"elementor-element elementor-element-26bcb0b3 elementor-widget elementor-widget-text-editor\" data-id=\"26bcb0b3\" data-element_type=\"widget\" data-widget_type=\"text-editor.default\">\n\t\t\t\t<div class=\"elementor-widget-container\">\n\t\t\t\t\t\t\t\t\t<p>Kal\u00e1 is a Greek word that means \u201cGood\u201d. It\u2019s what we want to represent: good snacks, with honest ingredients and processes, that are nourishing and taste good. <br \/>In our mission to bring you wellbeing, Kal\u00e1 is 100% focused on presenting you with food that is good for you and it\u2019s free of chemicals. It\u2019s an honest brand that makes you feel safe. It\u2019s close, natural, it\u2019s a product \u201clike you would make it at home\u201d. <br \/>Kal\u00e1\u2019s objective is to leave the world products that respect nutrition and human wellbeing. <\/p>\t\t\t\t\t\t\t\t<\/div>\n\t\t\t\t<\/div>\n\t\t\t\t<div class=\"elementor-element elementor-element-4920d9a elementor-widget elementor-widget-button\" data-id=\"4920d9a\" data-element_type=\"widget\" data-widget_type=\"button.default\">\n\t\t\t\t<div class=\"elementor-widget-container\">\n\t\t\t\t\t\t\t\t\t<div class=\"elementor-button-wrapper\">\n\t\t\t\t\t<a class=\"elementor-button elementor-button-link elementor-size-sm\" href=\"#elementor-action%3Aaction%3Dlightbox%26settings%3DeyJ1cmwiOiJodHRwOlwvXC9rYWxhZm9vZC5jb20uY29cL3dwLWNvbnRlbnRcL3VwbG9hZHNcLzIwMjVcLzAzXC9JTkRVU1RSSUEtREUtR0FMTEVUQVMtR1JFQ08tUy5BLl9fQ2VydGlmaWNhZG8tZGUtbGljZW5jaWEtVi1MYWJlbC0xLXNjYWxlZC5qcGciLCJ0eXBlIjoiaW1hZ2UiLCJ0aXRsZSI6IkNlcnRpZmljYWRvIFZMYWJlbCBnYWxsZXRhcyBLYWxcdTAwZTEgMjAyNSJ9\">\n\t\t\t\t\t\t<span class=\"elementor-button-content-wrapper\">\n\t\t\t\t\t\t\t\t\t<span class=\"elementor-button-text\">See our V-Label licence<\/span>\n\t\t\t\t\t<\/span>\n\t\t\t\t\t<\/a>\n\t\t\t\t<\/div>\n\t\t\t\t\t\t\t\t<\/div>\n\t\t\t\t<\/div>\n\t\t\t\t\t<\/div>\n\t\t<\/div>\n\t\t\t\t\t<\/div>\n\t\t<\/section>\n\t\t\t\t\t<\/div>\n\t\t<\/div>\n\t\t\t\t\t<\/div>\n\t\t<\/section>\n\t\t\t\t<\/div>","protected":false},"excerpt":{"rendered":"<p>SOBRE KAL\u00c1 Buenos alimentos, con ingredientes y procesos honestos, que sean nutritivos y sepan bien.\u00a0 Kal\u00e1 es una palabra de origen griego, cuyo significado es \u201cbueno\/bien\u201d. Por esta raz\u00f3n se escogi\u00f3 como nombre para la marca, pues es todo lo que esta quiere representar: buenos alimentos, con ingredientes y procesos honestos, que sean nutritivos y [&hellip;]<\/p>","protected":false},"author":7,"featured_media":0,"parent":0,"menu_order":0,"comment_status":"closed","ping_status":"closed","template":"","meta":{"content-type":"","om_disable_all_campaigns":false,"footnotes":""},"class_list":["post-3511","page","type-page","status-publish","hentry"],"acf":[],"aioseo_notices":[],"yoast_head":"<!-- This site is optimized with the Yoast SEO plugin v26.8 - https:\/\/yoast.com\/product\/yoast-seo-wordpress\/ -->\n<title>Sobre Kal\u00e1 - Kal\u00e1<\/title>\n<meta name=\"robots\" content=\"index, follow, max-snippet:-1, max-image-preview:large, max-video-preview:-1\" \/>\n<link rel=\"canonical\" href=\"https:\/\/kalafood.com.co\/en\/sobre-kala\/\" \/>\n<meta property=\"og:locale\" content=\"en_US\" \/>\n<meta property=\"og:type\" content=\"article\" \/>\n<meta property=\"og:title\" content=\"Sobre Kal\u00e1 - Kal\u00e1\" \/>\n<meta property=\"og:description\" content=\"SOBRE KAL\u00c1 Buenos alimentos, con ingredientes y procesos honestos, que sean nutritivos y sepan bien.\u00a0 Kal\u00e1 es una palabra de origen griego, cuyo significado es \u201cbueno\/bien\u201d. Por esta raz\u00f3n se escogi\u00f3 como nombre para la marca, pues es todo lo que esta quiere representar: buenos alimentos, con ingredientes y procesos honestos, que sean nutritivos y [&hellip;]\" \/>\n<meta property=\"og:url\" content=\"https:\/\/kalafood.com.co\/en\/sobre-kala\/\" \/>\n<meta property=\"og:site_name\" content=\"Kal\u00e1\" \/>\n<meta property=\"article:modified_time\" content=\"2025-03-05T14:17:34+00:00\" \/>\n<meta name=\"twitter:card\" content=\"summary_large_image\" \/>\n<meta name=\"twitter:label1\" content=\"Est. reading time\" \/>\n\t<meta name=\"twitter:data1\" content=\"1 minute\" \/>\n<script type=\"application\/ld+json\" class=\"yoast-schema-graph\">{\"@context\":\"https:\/\/schema.org\",\"@graph\":[{\"@type\":\"WebPage\",\"@id\":\"https:\/\/kalafood.com.co\/sobre-kala\/\",\"url\":\"https:\/\/kalafood.com.co\/sobre-kala\/\",\"name\":\"Sobre Kal\u00e1 - Kal\u00e1\",\"isPartOf\":{\"@id\":\"https:\/\/kalafood.com.co\/#website\"},\"datePublished\":\"2022-04-07T14:23:18+00:00\",\"dateModified\":\"2025-03-05T14:17:34+00:00\",\"breadcrumb\":{\"@id\":\"https:\/\/kalafood.com.co\/sobre-kala\/#breadcrumb\"},\"inLanguage\":\"en-US\",\"potentialAction\":[{\"@type\":\"ReadAction\",\"target\":[\"https:\/\/kalafood.com.co\/sobre-kala\/\"]}]},{\"@type\":\"BreadcrumbList\",\"@id\":\"https:\/\/kalafood.com.co\/sobre-kala\/#breadcrumb\",\"itemListElement\":[{\"@type\":\"ListItem\",\"position\":1,\"name\":\"Inicio\",\"item\":\"https:\/\/kalafood.com.co\/\"},{\"@type\":\"ListItem\",\"position\":2,\"name\":\"Sobre Kal\u00e1\"}]},{\"@type\":\"WebSite\",\"@id\":\"https:\/\/kalafood.com.co\/#website\",\"url\":\"https:\/\/kalafood.com.co\/\",\"name\":\"Kal\u00e1\",\"description\":\"\",\"publisher\":{\"@id\":\"https:\/\/kalafood.com.co\/#organization\"},\"potentialAction\":[{\"@type\":\"SearchAction\",\"target\":{\"@type\":\"EntryPoint\",\"urlTemplate\":\"https:\/\/kalafood.com.co\/?s={search_term_string}\"},\"query-input\":{\"@type\":\"PropertyValueSpecification\",\"valueRequired\":true,\"valueName\":\"search_term_string\"}}],\"inLanguage\":\"en-US\"},{\"@type\":\"Organization\",\"@id\":\"https:\/\/kalafood.com.co\/#organization\",\"name\":\"Kal\u00e1\",\"url\":\"https:\/\/kalafood.com.co\/\",\"logo\":{\"@type\":\"ImageObject\",\"inLanguage\":\"en-US\",\"@id\":\"https:\/\/kalafood.com.co\/#\/schema\/logo\/image\/\",\"url\":\"https:\/\/kalafood.com.co\/wp-content\/uploads\/2024\/04\/logo-kala.svg\",\"contentUrl\":\"https:\/\/kalafood.com.co\/wp-content\/uploads\/2024\/04\/logo-kala.svg\",\"width\":142.968,\"height\":185.076,\"caption\":\"Kal\u00e1\"},\"image\":{\"@id\":\"https:\/\/kalafood.com.co\/#\/schema\/logo\/image\/\"}}]}<\/script>\n<!-- \/ Yoast SEO plugin. -->","yoast_head_json":{"title":"Sobre Kal\u00e1 - Kal\u00e1","robots":{"index":"index","follow":"follow","max-snippet":"max-snippet:-1","max-image-preview":"max-image-preview:large","max-video-preview":"max-video-preview:-1"},"canonical":"https:\/\/kalafood.com.co\/en\/sobre-kala\/","og_locale":"en_US","og_type":"article","og_title":"Sobre Kal\u00e1 - Kal\u00e1","og_description":"SOBRE KAL\u00c1 Buenos alimentos, con ingredientes y procesos honestos, que sean nutritivos y sepan bien.\u00a0 Kal\u00e1 es una palabra de origen griego, cuyo significado es \u201cbueno\/bien\u201d. Por esta raz\u00f3n se escogi\u00f3 como nombre para la marca, pues es todo lo que esta quiere representar: buenos alimentos, con ingredientes y procesos honestos, que sean nutritivos y [&hellip;]","og_url":"https:\/\/kalafood.com.co\/en\/sobre-kala\/","og_site_name":"Kal\u00e1","article_modified_time":"2025-03-05T14:17:34+00:00","twitter_card":"summary_large_image","twitter_misc":{"Est. reading time":"1 minute"},"schema":{"@context":"https:\/\/schema.org","@graph":[{"@type":"WebPage","@id":"https:\/\/kalafood.com.co\/sobre-kala\/","url":"https:\/\/kalafood.com.co\/sobre-kala\/","name":"Sobre Kal\u00e1 - Kal\u00e1","isPartOf":{"@id":"https:\/\/kalafood.com.co\/#website"},"datePublished":"2022-04-07T14:23:18+00:00","dateModified":"2025-03-05T14:17:34+00:00","breadcrumb":{"@id":"https:\/\/kalafood.com.co\/sobre-kala\/#breadcrumb"},"inLanguage":"en-US","potentialAction":[{"@type":"ReadAction","target":["https:\/\/kalafood.com.co\/sobre-kala\/"]}]},{"@type":"BreadcrumbList","@id":"https:\/\/kalafood.com.co\/sobre-kala\/#breadcrumb","itemListElement":[{"@type":"ListItem","position":1,"name":"Inicio","item":"https:\/\/kalafood.com.co\/"},{"@type":"ListItem","position":2,"name":"Sobre Kal\u00e1"}]},{"@type":"WebSite","@id":"https:\/\/kalafood.com.co\/#website","url":"https:\/\/kalafood.com.co\/","name":"Kal\u00e1","description":"","publisher":{"@id":"https:\/\/kalafood.com.co\/#organization"},"potentialAction":[{"@type":"SearchAction","target":{"@type":"EntryPoint","urlTemplate":"https:\/\/kalafood.com.co\/?s={search_term_string}"},"query-input":{"@type":"PropertyValueSpecification","valueRequired":true,"valueName":"search_term_string"}}],"inLanguage":"en-US"},{"@type":"Organization","@id":"https:\/\/kalafood.com.co\/#organization","name":"Kal\u00e1","url":"https:\/\/kalafood.com.co\/","logo":{"@type":"ImageObject","inLanguage":"en-US","@id":"https:\/\/kalafood.com.co\/#\/schema\/logo\/image\/","url":"https:\/\/kalafood.com.co\/wp-content\/uploads\/2024\/04\/logo-kala.svg","contentUrl":"https:\/\/kalafood.com.co\/wp-content\/uploads\/2024\/04\/logo-kala.svg","width":142.968,"height":185.076,"caption":"Kal\u00e1"},"image":{"@id":"https:\/\/kalafood.com.co\/#\/schema\/logo\/image\/"}}]}},"_links":{"self":[{"href":"https:\/\/kalafood.com.co\/en\/wp-json\/wp\/v2\/pages\/3511","targetHints":{"allow":["GET"]}}],"collection":[{"href":"https:\/\/kalafood.com.co\/en\/wp-json\/wp\/v2\/pages"}],"about":[{"href":"https:\/\/kalafood.com.co\/en\/wp-json\/wp\/v2\/types\/page"}],"author":[{"embeddable":true,"href":"https:\/\/kalafood.com.co\/en\/wp-json\/wp\/v2\/users\/7"}],"replies":[{"embeddable":true,"href":"https:\/\/kalafood.com.co\/en\/wp-json\/wp\/v2\/comments?post=3511"}],"version-history":[{"count":51,"href":"https:\/\/kalafood.com.co\/en\/wp-json\/wp\/v2\/pages\/3511\/revisions"}],"predecessor-version":[{"id":6465,"href":"https:\/\/kalafood.com.co\/en\/wp-json\/wp\/v2\/pages\/3511\/revisions\/6465"}],"wp:attachment":[{"href":"https:\/\/kalafood.com.co\/en\/wp-json\/wp\/v2\/media?parent=3511"}],"curies":[{"name":"wp","href":"https:\/\/api.w.org\/{rel}","templated":true}]}}